{"id":10,"date":"2016-03-05T21:21:54","date_gmt":"2016-03-05T20:21:54","guid":{"rendered":"http:\/\/www.haustierverhaltensberatung.at\/haustierverhaltensberatung\/?page_id=10"},"modified":"2020-02-01T09:55:32","modified_gmt":"2020-02-01T08:55:32","slug":"philosophie","status":"publish","type":"page","link":"http:\/\/www.haustierverhaltensberatung.at\/haustierverhaltensberatung\/?page_id=10","title":{"rendered":"&#8222;Ausbildung zum zertifizierten Katzencoach&#8220;"},"content":{"rendered":"<h2>Katzencoach werden<\/h2>\n<p>Der Philosophie des KatzenCampus entsprechend ist es uns wirklich wichtig unseren zuk\u00fcnftigen Katzencoaches all das Wissen zu vermitteln das sie brauchen, um in diesem Beruf erfolgreich t\u00e4tig sein zu k\u00f6nnen! Es erwartet sie eine anspruchsvolle und herausfordernde Ausbildung mit vielen praxisorientierten \u00dcbungen und Aufgaben.<\/p>\n<p style=\"text-align: center;\">Die Ausbildung ist verbunden mit einigen interessanten Herausforderungen:<\/p>\n<p>&#8211; Die Teilnehmer m\u00fcssen zu Beginn des Kurses ein Protokoll \u00fcber ihre eigenen Tiere anlegen<br \/>\n&#8211; Jedes Modul beginnt mit einem Test \u00fcber das vergangene Modul, um eventuelle Schwachstellen nochmals besprechen zu k\u00f6nnen<br \/>\n&#8211; Jeder Teilnehmer muss einen Hausbesuch bei einem anderen Teilnehmer absolvieren, diesen protokollieren und dann vor der Gruppe pr\u00e4sentieren<br \/>\n&#8211; Die Teilnehmer sollten Verhaltensvideos von ihren Katzen anfertigen um diese gemeinsam mit der Gruppe und den Trainern zu analysieren<br \/>\n&#8212;&#8212;&#8212;&#8212;&#8212;&#8212;&#8212;&#8212;&#8212;&#8212;&#8212;&#8212;&#8212;&#8212;&#8212;&#8212;&#8212;&#8212;&#8212;&#8212;&#8212;&#8212;&#8212;&#8212;&#8212;&#8212;&#8212;&#8212;&#8211;<\/p>\n<p>Moduleinteilung 1 &#8211; 9:<br \/>\nModul 1: Domestikation der Katze, Die Rolle der Katze in unserer Gesellschaft, K\u00f6rperbau der Katze, Die Sinne der Katze (was riecht, schmeckt, sieht und h\u00f6rt die Katze wirklich), Videostudium zum Thema K\u00f6rpersprache<\/p>\n<p>Modul 2: K\u00f6rpersprache der Katze, Verhaltensweisen der Katze (Jagd,-Revier,-Sexual, Komfort,- Kommunikationsverhalten), Videostudium und Analyse von K\u00f6rpersprache, Wie kommuniziere ich richtig mit meiner Katze<\/p>\n<p>Modul. 3: Ern\u00e4hrung ( praktische Vergleiche von verschiedenen Futterarten), Augen auf beim Katzenkauf, Rassekunde, Videostudium und Analyse von K\u00f6rpersprache<\/p>\n<p>Modul 4: Besch\u00e4ftigung und richtiges Spielen (Vorf\u00fchrung verschiedenster Spielequipments),<br \/>\nWohnraummanagement (Klos, Catwalks, Kratzb\u00e4ume, Schlafpl\u00e4tze, R\u00fcckzugsm\u00f6glichkeiten, Giftpflanzen, Einrichtung eines katzengerechten Haushaltes mittels Plan, u.v.m.), Videostudium und Analyse von K\u00f6rpersprache<\/p>\n<p>Modul 5: Umgang mit fremden Katzen, Wichtiges beim Katzensitting, Gastvortrag Tierarzt zum Thema: &#8222;Die wichtigsten Katzenkrankheiten und Erste Hilfe bei der Katze&#8220;, Videostudium und Analyse von K\u00f6rpersprache<\/p>\n<p>Modul 6: Verhaltensprobleme: Ursachen erkennen und beseitigen, Hilfsmittel bei bestimmten Problemen, Gespr\u00e4chsf\u00fchrung mit praktischen \u00dcbungen, Videostudium und Analyse von K\u00f6rpersprache, Vortrag Aroma\u00f6le, Erarbeiten von Fallbeispielen<br \/>\nModul 7: Verhaltensprobleme: Ursachen erkennen und beseitigen, Gespr\u00e4chsf\u00fchrung (Rollenspiele), Vortrag Tierenergetik (Reiki und Chakren bei der Katze, Tierkommunikation), Erarbeiten von Fallbeispielen,<\/p>\n<p>Modul 8: Verhalten Hund vs. Katze, Vortrag BARF bei der Katze, Berichte \u00fcber die Hausbesuche bei anderen Teilnehmern, Die Arbeit als Katzencoach (Berichte aus der Praxis),<\/p>\n<p>Modul 9: Abschlussmodul mit der Pr\u00e4sentation der Abschlussarbeiten, einem abschlie\u00dfenden Test und den letzten Berichten \u00fcber die Hausbesuche bei den anderen Teilnehmern.<\/p>\n<p>Kosten: \u20ac 1.800,- (Ratenzahlung m\u00f6glich 9 x 200,-)<br \/>\nDauer: 9 Module zu je 2 Tagen (jeweils Sa. + So.)<br \/>\nTrainer: Dieter Pouzar und Team<\/p>\n<p>In der Ausbildung zum &#8222;Professionellen Katzencoach&#8220; ist die Ausbildung &#8222;1.\u00d6sterreichischer Katzenf\u00fchrerschein&#8220; und &#8222;Katzensitter-Profi&#8220; inhaltlich und finanziell enthalten. Sie bekommen daher nach positivem Abschluss das Zertifikat f\u00fcr alle 3 Ausbildungen!<\/p>\n<p>Besondere Leistungen des KatzenCampus:<\/p>\n<p>&#8211; Falls gew\u00fcnscht begleiten wir unsere fertig ausgebildeten Katzencoaches nach der Ausbildung pers\u00f6nlich zum ersten Termin (gegen einen Unkostenbeitrag von \u20ac 50,-), um sie beim Start ins neue Berufsfeld zu unterst\u00fctzen<br \/>\n&#8211; Zus\u00e4tzlich stehen wir unseren Katzencoaches in der Anfangsphase beratend zur Seite (Tel. oder Mail)<br \/>\n&#8211; Um den Kontakt zu den Absolventen aufrecht zu erhalten werden wir ein halbj\u00e4hrliches Treffen organisieren. Bei diesem k\u00f6nnen die ehemaligen Teilnehmer mit uns ihre Erfahrungen austauschen, eventuelle Problemf\u00e4lle diskutieren und um sich ein Katzencoachnetzwerk aufzubauen<br \/>\n&#8211; Wir sind ein engagiertes, voll motiviertes Team mit vielen spannenden Themengebieten<br \/>\n&#8211; 9 praxisorientierte Module vor Ort mit professionellen Trainern und Gastreferenten<br \/>\n&#8211; ausf\u00fchrlichste Videoanalysen begleiten die komplette Ausbildung<br \/>\n&#8211; Der KatzenCampus sorgt auch f\u00fcr kleine Snacks &amp; Erfrischungen<br \/>\n&#8211; Es werden einige Anschlussmodule angeboten um das Wissen der Teilnehmer weiter zu vertiefen, je nach speziellem Interessensgebiet (siehe Anschlussmodule)<br \/>\n&#8212;&#8212;&#8212;&#8212;&#8212;&#8212;&#8212;&#8212;&#8212;&#8212;&#8212;&#8212;&#8212;&#8212;&#8212;&#8212;&#8212;&#8212;&#8212;&#8212;&#8212;&#8212;&#8212;&#8212;&#8212;&#8212;&#8212;&#8212;&#8212;&#8212;&#8212;&#8212;&#8211;<br \/>\nKursleitung: Dieter Pouzar,<\/p>\n<p>Dauer: 9 Module zu je 2 Tagen (Sa + So) einmal im Monat, siehe Termine<br \/>\nKosten: \u20ac 1.800,- zahlbar vor Beginn des Kurses oder in Raten zu je 9 x \u20ac 200,- jeweils zu Monatsbeginn<\/p>\n<p>Ort: Wien<\/p>\n<p>Kontakt f\u00fcr Fragen und Anmeldung:<br \/>\nKontaktformular dieser Homepage oder direkt bei:<br \/>\nDieter Pouzar &#8230; d.pouzar@kabsi.at, 0676\/730-91-99<\/p>\n<p>&nbsp;<\/p>\n<p>&nbsp;<\/p>\n<p>&nbsp;<\/p>\n<p>&nbsp;<\/p>\n<p>&nbsp;<\/p>\n<p>&nbsp;<\/p>\n<p>&nbsp;<\/p>\n<p>&nbsp;<\/p>\n<p><em>\u00a0 \u00a0 \u00a0 \u00a0 \u00a0 \u00a0 \u00a0 \u00a0 \u00a0 \u00a0 \u00a0<\/em><\/p>\n<p>&nbsp;<\/p>\n<p>&nbsp;<\/p>\n<p>&nbsp;<\/p>\n<p>&nbsp;<\/p>\n<p>&nbsp;<\/p>\n<p>&nbsp;<\/p>\n<p>&nbsp;<\/p>\n","protected":false},"excerpt":{"rendered":"<p>Katzencoach werden Der Philosophie des KatzenCampus entsprechend ist es uns wirklich wichtig unseren zuk\u00fcnftigen Katzencoaches all das Wissen zu vermitteln das sie brauchen, um in diesem Beruf erfolgreich t\u00e4tig sein zu k\u00f6nnen! Es erwartet sie eine anspruchsvolle und herausfordernde Ausbildung mit vielen praxisorientierten \u00dcbungen und Aufgaben. Die Ausbildung ist verbunden mit einigen interessanten Herausforderungen: &#8211; &hellip; <a href=\"http:\/\/www.haustierverhaltensberatung.at\/haustierverhaltensberatung\/?page_id=10\" class=\"more-link\"><span class=\"screen-reader-text\">&#8222;Ausbildung zum zertifizierten Katzencoach&#8220;<\/span> weiterlesen<\/a><\/p>\n","protected":false},"author":1,"featured_media":0,"parent":0,"menu_order":0,"comment_status":"closed","ping_status":"closed","template":"","meta":[],"_links":{"self":[{"href":"http:\/\/www.haustierverhaltensberatung.at\/haustierverhaltensberatung\/index.php?rest_route=\/wp\/v2\/pages\/10"}],"collection":[{"href":"http:\/\/www.haustierverhaltensberatung.at\/haustierverhaltensberatung\/index.php?rest_route=\/wp\/v2\/pages"}],"about":[{"href":"http:\/\/www.haustierverhaltensberatung.at\/haustierverhaltensberatung\/index.php?rest_route=\/wp\/v2\/types\/page"}],"author":[{"embeddable":true,"href":"http:\/\/www.haustierverhaltensberatung.at\/haustierverhaltensberatung\/index.php?rest_route=\/wp\/v2\/users\/1"}],"replies":[{"embeddable":true,"href":"http:\/\/www.haustierverhaltensberatung.at\/haustierverhaltensberatung\/index.php?rest_route=%2Fwp%2Fv2%2Fcomments&post=10"}],"version-history":[{"count":10,"href":"http:\/\/www.haustierverhaltensberatung.at\/haustierverhaltensberatung\/index.php?rest_route=\/wp\/v2\/pages\/10\/revisions"}],"predecessor-version":[{"id":220,"href":"http:\/\/www.haustierverhaltensberatung.at\/haustierverhaltensberatung\/index.php?rest_route=\/wp\/v2\/pages\/10\/revisions\/220"}],"wp:attachment":[{"href":"http:\/\/www.haustierverhaltensberatung.at\/haustierverhaltensberatung\/index.php?rest_route=%2Fwp%2Fv2%2Fmedia&parent=10"}],"curies":[{"name":"wp","href":"https:\/\/api.w.org\/{rel}","templated":true}]}}