{"id":12,"date":"2016-03-05T21:22:10","date_gmt":"2016-03-05T20:22:10","guid":{"rendered":"http:\/\/www.haustierverhaltensberatung.at\/haustierverhaltensberatung\/?page_id=12"},"modified":"2020-01-27T12:05:47","modified_gmt":"2020-01-27T11:05:47","slug":"begriffsklaerung","status":"publish","type":"page","link":"http:\/\/www.haustierverhaltensberatung.at\/haustierverhaltensberatung\/?page_id=12","title":{"rendered":"www.katzencampus.at"},"content":{"rendered":"<h4><strong>&#8222;Katzencoach&#8220; werden, &#8222;1 \u00d6sterreichischer Katzenf\u00fchrerschein&#8220;, &#8222;Katzensitter-Profi&#8220;<\/strong><\/h4>\n<div class=\"entry-content\">\n<p><strong>Diese Ausbildungen bieten wir im Katzenbereich an!<\/strong><\/p>\n<p>Die Ausbildung f\u00fcr den &#8222;1. \u00d6sterreichischen Katzenf\u00fchrerschein&#8220; ist gedacht f\u00fcr Katzenliebhaber und Katzenbesitzer die alles Wichtige und Interessante \u00fcber Katzen erfahren m\u00f6chten, um auch ihre eigenen Tiere besser verstehen und versorgen zu k\u00f6nnen.<\/p>\n<p>Inhalte und Module:<\/p>\n<p>Modul 1: Domestikation der Katze, Die Rolle der Katze in unserer Gesellschaft, K\u00f6rperbau der<br \/>\nKatze, Die Sinne der Katze (was riecht, schmeckt, sieht und h\u00f6rt die Katze wirklich), K\u00f6rpersprache der Katze, Videostudium zum Thema K\u00f6rpersprache<\/p>\n<p>Modul 2: K\u00f6rpersprache der Katze, Verhaltensweisen der Katze (Jagd,- Revier,- Sexual,- Komfort,- Kommunikationsverhalten), Videostudium und Analyse von K\u00f6rpersprache<\/p>\n<p>Modul 3: Ern\u00e4hrung (praktische Vergleiche von verschiedenen Futterarten), &#8222;Augen auf beim Katzenkauf&#8220;, Rassekunde, Videostudium und Analyse von K\u00f6rpersprache<\/p>\n<p>Modul 4: Besch\u00e4ftigung und Spielen (Vorf\u00fchrung verschiedenster Spielequipments), Wohnraummanagement (Klos, Catwalks, Kratzb\u00e4ume, Schlafpl\u00e4tze, Giftpflanzen, R\u00fcckzugsm\u00f6glichkeiten, Einrichtung eines katzengerechten Haushalts mittels Plan, u.v.m.), Videostudium und Analyse von K\u00f6rpersprache<\/p>\n<p>Ausbildung &#8222;Katzensitter-Profi&#8220;<\/p>\n<p>Es besteht die M\u00f6glichkeit an den &#8222;1.\u00d6sterreichischen Katzenf\u00fchrerschein&#8220; ein f\u00fcnftes Modul anzuh\u00e4ngen (Kosten: \u20ac 200,-) um sich die Qualifikation f\u00fcr den &#8222;Katzensitter-Profi&#8220; anzueignen.<br \/>\nVoraussetzung ist die Teilnahme beim Katzenf\u00fchrerschein!<\/p>\n<p>Modul 5: Umgang mit fremden Katzen, Wichtiges beim Katzensitting, Gastvortrag Tierarzt zum Thema: &#8222;Die wichtigsten Katzenkrankheiten und Erste Hilfe bei der Katzen&#8220;, Besprechung einiger verhaltensrelevanter &#8222;Katzenkrankheiten&#8220; wie zum Beispiel Rolling Skin Syndrom (RSS), Videostudium und Analyse von K\u00f6rpersprache<\/p>\n<p>Kursleitung und Trainer: Dieter Pouzar und das Katzencoachteam<br \/>\nDauer &#8222;1. \u00d6sterreichischer Katzenf\u00fchrerschein:&#8220; 1. &#8211; 4. Modul zu je 2 Tagen (Sa + So) einmal im Monat, siehe Termine<br \/>\nKosten: \u20ac 800,- zahlbar vor Beginn des Kurses oder in Raten zu je 4 x \u20ac 200,- jeweils zu Monatsbeginn<\/p>\n<p>Dauer &#8222;Katzensitter-Profi&#8220;: Ein zus\u00e4tzliches Modul im Anschluss an den Katzenf\u00fchrerschein<br \/>\n1 Modul zu 2 Tagen (Sa + So)<\/p>\n<p><strong> Kosten: \u20ac 200,- zahlbar vor Beginn des Kurses<\/strong><br \/>\n<strong> Voraussetzung Teilnahme am &#8222;1.\u00d6sterreichischen Katzenf\u00fchrerschein&#8220;&#8220;<\/strong><br \/>\n<strong> Ort: Wien<\/strong><br \/>\n<strong> Zeit: Jeweils von 09:30 &#8211; 16:30, einmal im Monat (immer Sa. + SO, siehe Termine<\/strong><br \/>\n<strong>Kontakt f\u00fcr Fragen und Anmeldung:<\/strong><br \/>\n<strong> Kontaktformular dieser Homepage oder direkt bei:<\/strong><br \/>\n<strong> Dieter Pouzar &#8230; d.pouzar@kabsi.at, 0676\/730-91-99<\/strong><\/p>\n<p>In der Ausbildung zum &#8222;Professionellen Katzencoach&#8220; ist die Ausbildung &#8222;1.\u00d6sterreichischer Katzenf\u00fchrerschein&#8220; und &#8222;Katzensitter-Profi&#8220; inhaltlich und finanziell enthalten. Sie bekommen daher nach positivem Abschluss des &#8222;Professionellen Katzencoach&#8220; das Zertifikat f\u00fcr alle 3 Ausbildungen!<\/p>\n<h4><\/h4>\n<h4><\/h4>\n<h3><\/h3>\n<p>&nbsp;<\/p>\n<\/div>\n","protected":false},"excerpt":{"rendered":"<p>&#8222;Katzencoach&#8220; werden, &#8222;1 \u00d6sterreichischer Katzenf\u00fchrerschein&#8220;, &#8222;Katzensitter-Profi&#8220; Diese Ausbildungen bieten wir im Katzenbereich an! Die Ausbildung f\u00fcr den &#8222;1. \u00d6sterreichischen Katzenf\u00fchrerschein&#8220; ist gedacht f\u00fcr Katzenliebhaber und Katzenbesitzer die alles Wichtige und Interessante \u00fcber Katzen erfahren m\u00f6chten, um auch ihre eigenen Tiere besser verstehen und versorgen zu k\u00f6nnen. Inhalte und Module: Modul 1: Domestikation der Katze, Die &hellip; <a href=\"http:\/\/www.haustierverhaltensberatung.at\/haustierverhaltensberatung\/?page_id=12\" class=\"more-link\"><span class=\"screen-reader-text\">www.katzencampus.at<\/span> weiterlesen<\/a><\/p>\n","protected":false},"author":1,"featured_media":0,"parent":0,"menu_order":0,"comment_status":"closed","ping_status":"closed","template":"","meta":[],"_links":{"self":[{"href":"http:\/\/www.haustierverhaltensberatung.at\/haustierverhaltensberatung\/index.php?rest_route=\/wp\/v2\/pages\/12"}],"collection":[{"href":"http:\/\/www.haustierverhaltensberatung.at\/haustierverhaltensberatung\/index.php?rest_route=\/wp\/v2\/pages"}],"about":[{"href":"http:\/\/www.haustierverhaltensberatung.at\/haustierverhaltensberatung\/index.php?rest_route=\/wp\/v2\/types\/page"}],"author":[{"embeddable":true,"href":"http:\/\/www.haustierverhaltensberatung.at\/haustierverhaltensberatung\/index.php?rest_route=\/wp\/v2\/users\/1"}],"replies":[{"embeddable":true,"href":"http:\/\/www.haustierverhaltensberatung.at\/haustierverhaltensberatung\/index.php?rest_route=%2Fwp%2Fv2%2Fcomments&post=12"}],"version-history":[{"count":16,"href":"http:\/\/www.haustierverhaltensberatung.at\/haustierverhaltensberatung\/index.php?rest_route=\/wp\/v2\/pages\/12\/revisions"}],"predecessor-version":[{"id":177,"href":"http:\/\/www.haustierverhaltensberatung.at\/haustierverhaltensberatung\/index.php?rest_route=\/wp\/v2\/pages\/12\/revisions\/177"}],"wp:attachment":[{"href":"http:\/\/www.haustierverhaltensberatung.at\/haustierverhaltensberatung\/index.php?rest_route=%2Fwp%2Fv2%2Fmedia&parent=12"}],"curies":[{"name":"wp","href":"https:\/\/api.w.org\/{rel}","templated":true}]}}