{"id":18,"date":"2016-03-05T21:22:58","date_gmt":"2016-03-05T20:22:58","guid":{"rendered":"http:\/\/www.haustierverhaltensberatung.at\/haustierverhaltensberatung\/?page_id=18"},"modified":"2020-01-27T15:01:57","modified_gmt":"2020-01-27T14:01:57","slug":"terminvereinbarung-und-preise","status":"publish","type":"page","link":"http:\/\/www.haustierverhaltensberatung.at\/haustierverhaltensberatung\/?page_id=18","title":{"rendered":"Angebote und Termine f\u00fcr unsere Ausbildungen"},"content":{"rendered":"<p><strong><span style=\"color: #ff6600;\">&#8222;Ausbildung zum K\u00f6rpersprachlich orientierten, ganzheitlichen Tiercoach f\u00fcr Hund und Katze&#8220;<\/span><\/strong><\/p>\n<p>Termine:<br \/>\n28. + 29. M\u00e4rz 2020 \u00a0 \u00a0\u00a0 24.+ 25. Oktober 2020<br \/>\n25. + 26. April 2020 \u00a0 \u00a0\u00a0 21. + 22. November 2020<br \/>\n23. + 24. Mai 2020 \u00a0 \u00a0 \u00a0\u00a0 23. + 24. J\u00e4nner 2021<br \/>\n20. + 21. Juni 2020 \u00a0 \u00a0 \u00a0\u00a0 27. + 28. Februar 2021<br \/>\n01. + 02. August 2020 \u00a0 27. + 28. M\u00e4rz 2021<br \/>\n29. + 30. August 2020 \u00a0 24.+ 25. April 2021<br \/>\n26. + 27. Sept. 2020 \u00a0 \u00a0 \u00a0 29. + 30. Mai 2021<\/p>\n<p><span style=\"color: #ff6600;\"><strong>Ausbildung zum K\u00f6rpersprachlich orientierten, ganzheitlichen Hundecoach<\/strong><\/span><\/p>\n<p>Termine 2020:<br \/>\n07. + 08. M\u00e4rz<br \/>\n04. + 05. April<br \/>\n09. + 10. Mai<br \/>\n06. + 07. Juni<br \/>\n04.+ 05. Juli<br \/>\n12. + 13. September<br \/>\n10. + 11. Oktober<br \/>\n08.+ 09. August<\/p>\n<hr \/>\n<p><span style=\"color: #ff6600;\"><strong>KATZENCAMPUS<\/strong><\/span><\/p>\n<p>Die Termine f\u00fcr die Ausbildungen 2019 zum &#8222;1.\u00d6sterreichischen Katzenf\u00fchrerschein&#8220;, zum &#8222;Katzensitter-Profi&#8220; und zum &#8222;Professionellen Katzencoach&#8220; sind jeweils:<\/p>\n<p>Termine Ausbildung 2020:<\/p>\n<p>Die Termine f\u00fcr die Ausbildungen 2020 jeweils Sa + So:<br \/>\n<span style=\"color: #ff6600;\">&#8222;1.\u00d6sterreichischer Katzencoach&#8220;\u00a0<\/span><br \/>\n14. + 15. M\u00e4rz<br \/>\n18. + 19 April<br \/>\n16. + 17. Mai<br \/>\n13. + 14. Juni<\/p>\n<p>Preis: \u20ac 800,-<\/p>\n<p><span style=\"color: #ff6600;\">&#8222;Katzensitter-Profi&#8220; <span style=\"color: #000000;\">(Voraussetzung ist die Absolvierung des Katzenf\u00fchrerscheins)<\/span><\/span><\/p>\n<p>18. + 19. Juli<\/p>\n<p>Preis: \u20ac 200,-<\/p>\n<p>Ende &#8222;Katzensitter-Profi&#8220;<\/p>\n<p><span style=\"color: #ff6600;\">&#8222;Ganzheitlicher Katzencoach&#8220; <span style=\"color: #000000;\">(Voraussetzung Katzenf\u00fchrerschein und Katzensitter-Profi)<\/span><\/span><\/p>\n<p>15. + 16. August<br \/>\n19. + 20. September<br \/>\n17. + 18. Oktober<br \/>\n14. + 15. November<\/p>\n<p>Preis: \u20ac 1000,- (plus \u20ac 800,- f\u00fcr den Katzenf\u00fchrerschein und\u00a0 200,- f\u00fcr den Katzensitter-Profi) d.h. Gesamtkosten f\u00fcr alle 3 Ausbildungen \u20ac 1.800,-<\/p>\n<p>jeweils von 09:30 Uhr &#8211; 16:30 Uhr, 1 Stunde Mittagspause<\/p>\n<p>Ort: Wien, jeweils Sa. + So. von 09:30 &#8211; 16:30<\/p>\n<p>Ende der Ausbildung &#8222;Ganzheitlicher Katzencoach&#8220;<br \/>\nGenauere Beschreibungen findet Ihr unter:<br \/>\n<strong>www.katzencampus.at<\/strong><\/p>\n<hr \/>\n<hr \/>\n<p><strong>&#8222;K\u00f6rpersprachlich orientierter, ganzheitlicher Tiercoach f\u00fcr Hund und Katze&#8220;<\/strong><\/p>\n<p>Termin folgen in K\u00fcrze, Start der Ausbildung ist M\u00e4rz 2020, Dauer 14 Module zu je 2 Tagen (Sa. + So.)<\/p>\n<h3>\u00a0<span style=\"color: #ff6600;\">Hundekommunikationsworkshop<\/span><\/h3>\n<p>Findet im Fr\u00fchjahr 2020 in Kaltenleutgeben (Wiener H\u00fctte)\u00a0statt, ab einer Gruppengr\u00f6\u00dfe von 5 Personen.<\/p>\n<p>Ziel des Workshops ist es den Teilnehmern einen umfassenderen Einblick in die K\u00f6rpersprache des Hundes und deren Anwendung durch den Hundef\u00fchrer zu geben. Weiters werden den Teilnehmern die Rudelf\u00fchrerqualit\u00e4ten vermittelt (F\u00fchren durch Energie ohne Leckerchen, Ausstrahlung dem Hund gegen\u00fcber, Klarheit in der Kommunikation durch kontrollieren der K\u00f6rpersprache, sprachlose Verst\u00e4ndigung, Blickkontrolle).<\/p>\n<p>\u00dcbungen: Rudelf\u00fchrergehen, Impulskontrolle, Ressourcenkontrolle, sprachloses Ablegen und Parken des Hundes, Ruhe in den Hund bringen, Respekt durch Bewegungseinschr\u00e4nkung, Kommunikation in Hundesprache, F\u00fchren durch Energie, Ausstrahlung und klare Kommunikation, Richtiger Blickkontakt, Rudelf\u00fchrerqualit\u00e4ten, meditatives Gehen, Fokussierungs\u00fcbungen, K\u00f6rpersprache des Hundes ( u.a. Calming Signals &#8211; Beschwichtigungsignale), Aneignung von Elementen der K\u00f6rpersprache und die richtige Verwendung in der Kommunikation,<\/p>\n<p>Dauer:\u00a0 2t\u00e4gig Samstag und Sonntag von 09:30 bis ca. 15:30<\/p>\n<p>Ort: Hundefreilaufzone im Wiener Prater oder Kaltenleutgeben bei der Wiener H\u00fctte, bzw. in der Steiermark im Bezirk Hartberg.<\/p>\n<p>Kosten: \u20ac 250,- pro Person\/ Erm\u00e4\u00dfigung bei Gruppenanmeldung (ab 2 Personen) \u20ac 300,-\/Person<\/p>\n<p>Anmeldungen bzw. Fragen: <strong>0676\/7309199 oder\u00a0d.pouzar@kabsi.at<\/strong><\/p>\n<p>&nbsp;<\/p>\n<p>&nbsp;<\/p>\n<h3><\/h3>\n<p>&nbsp;<\/p>\n<h3><\/h3>\n<h3><strong>\u00a0<\/strong><\/h3>\n<p>&nbsp;<\/p>\n<p>&nbsp;<\/p>\n<p>&nbsp;<\/p>\n<p>&nbsp;<\/p>\n<p>&nbsp;<\/p>\n<p>&nbsp;<\/p>\n<p>&nbsp;<\/p>\n<p>&nbsp;<\/p>\n<p>&nbsp;<\/p>\n<p>&nbsp;<\/p>\n","protected":false},"excerpt":{"rendered":"<p>&#8222;Ausbildung zum K\u00f6rpersprachlich orientierten, ganzheitlichen Tiercoach f\u00fcr Hund und Katze&#8220; Termine: 28. + 29. M\u00e4rz 2020 \u00a0 \u00a0\u00a0 24.+ 25. Oktober 2020 25. + 26. April 2020 \u00a0 \u00a0\u00a0 21. + 22. November 2020 23. + 24. Mai 2020 \u00a0 \u00a0 \u00a0\u00a0 23. + 24. J\u00e4nner 2021 20. + 21. Juni 2020 \u00a0 \u00a0 \u00a0\u00a0 &hellip; <a href=\"http:\/\/www.haustierverhaltensberatung.at\/haustierverhaltensberatung\/?page_id=18\" class=\"more-link\"><span class=\"screen-reader-text\">Angebote und Termine f\u00fcr unsere Ausbildungen<\/span> weiterlesen<\/a><\/p>\n","protected":false},"author":1,"featured_media":0,"parent":0,"menu_order":0,"comment_status":"closed","ping_status":"closed","template":"","meta":[],"_links":{"self":[{"href":"http:\/\/www.haustierverhaltensberatung.at\/haustierverhaltensberatung\/index.php?rest_route=\/wp\/v2\/pages\/18"}],"collection":[{"href":"http:\/\/www.haustierverhaltensberatung.at\/haustierverhaltensberatung\/index.php?rest_route=\/wp\/v2\/pages"}],"about":[{"href":"http:\/\/www.haustierverhaltensberatung.at\/haustierverhaltensberatung\/index.php?rest_route=\/wp\/v2\/types\/page"}],"author":[{"embeddable":true,"href":"http:\/\/www.haustierverhaltensberatung.at\/haustierverhaltensberatung\/index.php?rest_route=\/wp\/v2\/users\/1"}],"replies":[{"embeddable":true,"href":"http:\/\/www.haustierverhaltensberatung.at\/haustierverhaltensberatung\/index.php?rest_route=%2Fwp%2Fv2%2Fcomments&post=18"}],"version-history":[{"count":38,"href":"http:\/\/www.haustierverhaltensberatung.at\/haustierverhaltensberatung\/index.php?rest_route=\/wp\/v2\/pages\/18\/revisions"}],"predecessor-version":[{"id":216,"href":"http:\/\/www.haustierverhaltensberatung.at\/haustierverhaltensberatung\/index.php?rest_route=\/wp\/v2\/pages\/18\/revisions\/216"}],"wp:attachment":[{"href":"http:\/\/www.haustierverhaltensberatung.at\/haustierverhaltensberatung\/index.php?rest_route=%2Fwp%2Fv2%2Fmedia&parent=18"}],"curies":[{"name":"wp","href":"https:\/\/api.w.org\/{rel}","templated":true}]}}