{"id":22,"date":"2016-03-05T21:23:25","date_gmt":"2016-03-05T20:23:25","guid":{"rendered":"http:\/\/www.haustierverhaltensberatung.at\/haustierverhaltensberatung\/?page_id=22"},"modified":"2020-01-27T13:00:32","modified_gmt":"2020-01-27T12:00:32","slug":"buchtipps","status":"publish","type":"page","link":"http:\/\/www.haustierverhaltensberatung.at\/haustierverhaltensberatung\/?page_id=22","title":{"rendered":"&#8222;Tiercoach-Ausbildung f\u00fcr Hund und Katze&#8220;"},"content":{"rendered":"<p>Tiercoachausbildung Hund- und katze<br \/>\nEs gibt sie wieder: Die Tiercoachausbildung zum Hunde &#8211; und Katzencoach auf der Basis &#8222;K\u00f6rpersprachlich orientiert und ganzheitlich&#8220;!!!<\/p>\n<p>Nach 3 Jahren Pause gibt es sie wieder unsere sehr erfolgreiche Ausbildung zum &#8222;K\u00f6rpersprachlich orientierten, ganzheitlichen Tiercoach f\u00fcr Hund und Katze&#8220;!<\/p>\n<p>Interessierst du dich f\u00fcr beides? Hunde und Katzen? M\u00f6chtest du ev. als Tiercoach f\u00fcr Hund und Katze andere Tierhalter beraten? Dann ist diese Ausbildung genau das Richtige f\u00fcr dich. Vereinbare ein kostenloses, unverbindliches Informationsgespr\u00e4ch bzw. ein Schnuppertraining. Wir beraten dich gerne!<\/p>\n<p><strong>Dauer: M\u00e4rz 2020 &#8211; April 2021 (14 Module zu je 2 Tagen immer Sa + So). includiert sind 12 Praxistage mit Hund!<\/strong><\/p>\n<p><strong> Ort: Wien \/Umgebung<\/strong><\/p>\n<p><strong> Kosten: \u20ac 3360,- (Ratenzahlung m\u00f6glich 14 x \u20ac 240,-)<\/strong><br \/>\n<strong> Inhalte: siehe Einzelausbildung Hundecoach bzw. Katzencoach<\/strong><\/p>\n<p><strong>Trainer: <\/strong><\/p>\n<p><strong>Kursleiter Dieter Pouzar (seit 2006 als hauptberuflicher Tiercoach f\u00fcr Hund Katze und seit 2012 als Leiter von Tiercoachausbildungen t\u00e4tig),<\/strong><br \/>\n<strong> Elisabeth Pouzar und das Team von tiercoach-ausbildung.at<\/strong><\/p>\n<p><strong>Kontakt: d.pouzar@kabsi.at oder 0676\/7309199 oder \u00fcber www.tiercoach-ausbildung.at<\/strong><br \/>\n<strong> Ziel: Die Teilnehmer k\u00f6nnen nach Abschluss andere Tierhalter Coach und \u00fcber das Verhalten ihrer Tiere beraten<\/strong><\/p>\n<p><span style=\"color: #ff6600;\">Was bedeutet f\u00fcr uns &#8222;K\u00f6rpersprachlich orientiert&#8220; und &#8222;Ganzheitlich&#8220;?<\/span><\/p>\n<p>Wir nennen unsere Ausbildung &#8222;K\u00f6rpersprachlich orientiert&#8220; weil wir sehr viel \u00fcber die K\u00f6rpersprache der Tiere kommunizieren. Unsere Teilnehmer lernen die K\u00f6rpersprache von Hund und Katze genau zu lesen, zu interpretieren und auf dieser Basis mit den Tieren eine Kommunikation aufzubauen. D.h. wir eigenen uns einen Teil der K\u00f6rpersprache des Tieres an und werden dadurch besser verstanden und k\u00f6nnen eine wesentlich intensivere Beziehung zum Tier aufbauen bzw. auch Verhaltensprobleme besser verstehen und beheben!<\/p>\n<p>Unser Ausbildung ist &#8222;Ganzheitlich&#8220; weil es uns wichtig ist jedes Problem im Ganzen wahrzunehmen, das schlie\u00dft auch die Tierhalter mit ein bzw. die Lebenssituation in der sich das Tier befindet und wir arbeiten auch mit der Energie und den Glaubenss\u00e4tzen der Tierhalter. Weiters arbeiten wir auch mit den Chakren der Tiere um sie zu entstressen und zu entspannen.<\/p>\n<p>Nutze die Chance und tauch ein in die Welt der Hunde und Katzen! Werde ein Teil unserer Tiercoachcommunity!<\/p>\n","protected":false},"excerpt":{"rendered":"<p>Tiercoachausbildung Hund- und katze Es gibt sie wieder: Die Tiercoachausbildung zum Hunde &#8211; und Katzencoach auf der Basis &#8222;K\u00f6rpersprachlich orientiert und ganzheitlich&#8220;!!! Nach 3 Jahren Pause gibt es sie wieder unsere sehr erfolgreiche Ausbildung zum &#8222;K\u00f6rpersprachlich orientierten, ganzheitlichen Tiercoach f\u00fcr Hund und Katze&#8220;! Interessierst du dich f\u00fcr beides? Hunde und Katzen? M\u00f6chtest du ev. als &hellip; <a href=\"http:\/\/www.haustierverhaltensberatung.at\/haustierverhaltensberatung\/?page_id=22\" class=\"more-link\"><span class=\"screen-reader-text\">&#8222;Tiercoach-Ausbildung f\u00fcr Hund und Katze&#8220;<\/span> weiterlesen<\/a><\/p>\n","protected":false},"author":1,"featured_media":0,"parent":0,"menu_order":0,"comment_status":"closed","ping_status":"closed","template":"","meta":[],"_links":{"self":[{"href":"http:\/\/www.haustierverhaltensberatung.at\/haustierverhaltensberatung\/index.php?rest_route=\/wp\/v2\/pages\/22"}],"collection":[{"href":"http:\/\/www.haustierverhaltensberatung.at\/haustierverhaltensberatung\/index.php?rest_route=\/wp\/v2\/pages"}],"about":[{"href":"http:\/\/www.haustierverhaltensberatung.at\/haustierverhaltensberatung\/index.php?rest_route=\/wp\/v2\/types\/page"}],"author":[{"embeddable":true,"href":"http:\/\/www.haustierverhaltensberatung.at\/haustierverhaltensberatung\/index.php?rest_route=\/wp\/v2\/users\/1"}],"replies":[{"embeddable":true,"href":"http:\/\/www.haustierverhaltensberatung.at\/haustierverhaltensberatung\/index.php?rest_route=%2Fwp%2Fv2%2Fcomments&post=22"}],"version-history":[{"count":9,"href":"http:\/\/www.haustierverhaltensberatung.at\/haustierverhaltensberatung\/index.php?rest_route=\/wp\/v2\/pages\/22\/revisions"}],"predecessor-version":[{"id":209,"href":"http:\/\/www.haustierverhaltensberatung.at\/haustierverhaltensberatung\/index.php?rest_route=\/wp\/v2\/pages\/22\/revisions\/209"}],"wp:attachment":[{"href":"http:\/\/www.haustierverhaltensberatung.at\/haustierverhaltensberatung\/index.php?rest_route=%2Fwp%2Fv2%2Fmedia&parent=22"}],"curies":[{"name":"wp","href":"https:\/\/api.w.org\/{rel}","templated":true}]}}