{"id":24,"date":"2016-03-05T21:23:35","date_gmt":"2016-03-05T20:23:35","guid":{"rendered":"http:\/\/www.haustierverhaltensberatung.at\/haustierverhaltensberatung\/?page_id=24"},"modified":"2017-10-11T12:07:12","modified_gmt":"2017-10-11T10:07:12","slug":"links","status":"publish","type":"page","link":"http:\/\/www.haustierverhaltensberatung.at\/haustierverhaltensberatung\/?page_id=24","title":{"rendered":"Links und Buchtipps"},"content":{"rendered":"<h3><strong>\u00a0Interessante Links<\/strong><\/h3>\n<div id=\"cc-m-6752605154\" class=\"j-module n j-header \"><a title=\"http:\/\/www.haustierverhaltensberatung.at\" href=\"http:\/\/www.der-rudelfuehrer.at\" target=\"_blank\" rel=\"noopener\"><u><span style=\"color: #0066cc;\">www.der-rudelfuehrer.at<\/span><\/u><\/a><\/div>\n<div><\/div>\n<div><\/div>\n<div id=\"cc-m-6752601954\" class=\"j-module n j-text \">\n<p><a title=\"www.tiercoach-ausbildung.at\" href=\"http:\/\/www.acatemy.at\" target=\"_blank\" rel=\"noopener\"><u><span style=\"color: #0066cc;\">www.tiercoach-ausbildung.at<\/span><\/u><\/a><\/p>\n<p><a href=\"http:\/\/www.acatemy.at\"><span style=\"color: #0000ff;\"><u>www.acatemy.at<\/u><\/span><\/a><\/p>\n<p><u><br \/>\n<\/u><a title=\"www.hundecoach-tirol.at\" href=\"http:\/\/www.hundecoach-tirol.at\/\" target=\"_blank\" rel=\"noopener\"><u>www.hundecoach-tirol.at<br \/>\n<\/u><\/a><a title=\"https:\/\/www.facebook.com\/groups\/890987247595851\/\" href=\"https:\/\/www.facebook.com\/groups\/890987247595851\/\" target=\"_blank\" rel=\"noopener\"><u>Tiercoach hilft<br \/>\n<\/u><\/a><u><br \/>\n<\/u><a href=\"http:\/\/www.naturfutterlaedchen.at\/\" target=\"uV7II6eVAV2513oGYNoWY0r\"><u>www.naturfutterlaedchen.at<\/u><\/a>\u00a0 (F\u00fcr alle, die sich f\u00fcr BARFen interessieren)<\/p>\n<p>Videos die meine Arbeit zeigen sehen sie auf:<br \/>\n<a href=\"https:\/\/www.facebook.com\/Rudelcoach\/\" target=\"_blank\" rel=\"noopener\">https:\/\/www.facebook.com\/Rudelcoach\/<\/a><\/p>\n<\/div>\n<div id=\"cc-m-6801805254\" class=\"j-module n j-text \"><\/div>\n<div id=\"cc-m-6752605554\" class=\"j-module n j-header \">\n<h2 id=\"cc-m-header-6752605554\">Buchempfehlungen<\/h2>\n<\/div>\n<div id=\"cc-m-6752613554\" class=\"j-module n j-text \">\n<p><strong>&#8222;Hunde w\u00fcrden l\u00e4nger leben, wenn&#8230;&#8220;,<\/strong> Dr.med.vet.Jutta Ziegler, mvgverlag, ISBN 978-3-86882-234-2<\/p>\n<p><strong>&#8222;Tier\u00e4rzte k\u00f6nnen die Gesundheit ihres Tieres gef\u00e4hrden&#8220;,<\/strong> Dr.med.Jutta Ziegler, mvgverlag, ISBN 978-3-86882-2-275-5<\/p>\n<p><strong>&#8222;Katzen w\u00fcrden M\u00e4use kaufen&#8220;,<\/strong> Schwarzbuch Tierfutter, Hans-Ulrich Grimm, Deutike Verlag, ISBN 978-3-552-06049-4<\/p>\n<\/div>\n","protected":false},"excerpt":{"rendered":"<p>\u00a0Interessante Links www.der-rudelfuehrer.at www.tiercoach-ausbildung.at www.acatemy.at www.hundecoach-tirol.at Tiercoach hilft www.naturfutterlaedchen.at\u00a0 (F\u00fcr alle, die sich f\u00fcr BARFen interessieren) Videos die meine Arbeit zeigen sehen sie auf: https:\/\/www.facebook.com\/Rudelcoach\/ Buchempfehlungen &#8222;Hunde w\u00fcrden l\u00e4nger leben, wenn&#8230;&#8220;, Dr.med.vet.Jutta Ziegler, mvgverlag, ISBN 978-3-86882-234-2 &#8222;Tier\u00e4rzte k\u00f6nnen die Gesundheit ihres Tieres gef\u00e4hrden&#8220;, Dr.med.Jutta Ziegler, mvgverlag, ISBN 978-3-86882-2-275-5 &#8222;Katzen w\u00fcrden M\u00e4use kaufen&#8220;, Schwarzbuch Tierfutter, Hans-Ulrich &hellip; <a href=\"http:\/\/www.haustierverhaltensberatung.at\/haustierverhaltensberatung\/?page_id=24\" class=\"more-link\"><span class=\"screen-reader-text\">Links und Buchtipps<\/span> weiterlesen<\/a><\/p>\n","protected":false},"author":1,"featured_media":0,"parent":0,"menu_order":0,"comment_status":"closed","ping_status":"closed","template":"","meta":[],"_links":{"self":[{"href":"http:\/\/www.haustierverhaltensberatung.at\/haustierverhaltensberatung\/index.php?rest_route=\/wp\/v2\/pages\/24"}],"collection":[{"href":"http:\/\/www.haustierverhaltensberatung.at\/haustierverhaltensberatung\/index.php?rest_route=\/wp\/v2\/pages"}],"about":[{"href":"http:\/\/www.haustierverhaltensberatung.at\/haustierverhaltensberatung\/index.php?rest_route=\/wp\/v2\/types\/page"}],"author":[{"embeddable":true,"href":"http:\/\/www.haustierverhaltensberatung.at\/haustierverhaltensberatung\/index.php?rest_route=\/wp\/v2\/users\/1"}],"replies":[{"embeddable":true,"href":"http:\/\/www.haustierverhaltensberatung.at\/haustierverhaltensberatung\/index.php?rest_route=%2Fwp%2Fv2%2Fcomments&post=24"}],"version-history":[{"count":10,"href":"http:\/\/www.haustierverhaltensberatung.at\/haustierverhaltensberatung\/index.php?rest_route=\/wp\/v2\/pages\/24\/revisions"}],"predecessor-version":[{"id":160,"href":"http:\/\/www.haustierverhaltensberatung.at\/haustierverhaltensberatung\/index.php?rest_route=\/wp\/v2\/pages\/24\/revisions\/160"}],"wp:attachment":[{"href":"http:\/\/www.haustierverhaltensberatung.at\/haustierverhaltensberatung\/index.php?rest_route=%2Fwp%2Fv2%2Fmedia&parent=24"}],"curies":[{"name":"wp","href":"https:\/\/api.w.org\/{rel}","templated":true}]}}