{"id":8,"date":"2016-03-05T21:21:35","date_gmt":"2016-03-05T20:21:35","guid":{"rendered":"http:\/\/www.haustierverhaltensberatung.at\/haustierverhaltensberatung\/?page_id=8"},"modified":"2017-10-11T12:22:31","modified_gmt":"2017-10-11T10:22:31","slug":"ueber-mich","status":"publish","type":"page","link":"http:\/\/www.haustierverhaltensberatung.at\/haustierverhaltensberatung\/?page_id=8","title":{"rendered":"\u00dcber mich"},"content":{"rendered":"<div id=\"cc-m-6751660354\" class=\"j-module n j-header \">\n<h2 id=\"cc-m-header-6751660354\">Herzlich willkommen auf meiner Webseite:<\/h2>\n<\/div>\n<div id=\"cc-m-6751661054\" class=\"j-module n j-text \">\n<p>Mein Name ist Dieter Pouzar und ich bin seit 2006 hauptberuflich als k\u00f6rpersprachlich orientierter, ganzheitlicher Tiercoach f\u00fcr Hund und Katze t\u00e4tig.<\/p>\n<p>Au\u00dferdem\u00a0war ich Lehrgangsleiter und Trainer\u00a0in der, von mir geschaffenen, Ausbildung zum &#8222;K\u00f6rpersprachlich orientierten, ganzheitlichen Tiercoach f\u00fcr Hund und Katze&#8220; am bfi Wien von 2012 &#8211; 2015.<\/p>\n<p>Im Hundebereich arbeite ich mit der sogenannten Rudelf\u00fchrerphilosophie, weil mir das als der nat\u00fcrlichste und artgerechteste Umgang mit unseren Hunden erscheint.<\/p>\n<p>Bei meinen Coachings geht es unter anderem darum dass auch der Hundehalter bereit ist an seinen Rudelf\u00fchrerqualit\u00e4ten zu arbeiten, denn das ist das was der Hund braucht um ruhig, stressfrei und entspannt durchs leben gehen zu k\u00f6nnen.<\/p>\n<p>Wichtig zu erw\u00e4hnen ist auch dass ich absolut OHNE Leckerchen arbeite\u00a0und\u00a0mit wenig Sprache, daf\u00fcr mit Kommunikation durch K\u00f6rpersprache statt Konditionierung. F\u00fcr mich ist es daher wichtig dass der Hundef\u00fchrer die Grunds\u00e4tze der K\u00f6rpersprache des Hundes kennen lernt und diese dann benutzt um mit seinem Tier kommunizieren zu k\u00f6nnen.<\/p>\n<p>Daf\u00fcr ist allerdings n\u00f6tig dass man sich ansieht wie Hunde untereinander kommunizieren und sich diese Erkenntnisse nutzt um die Verst\u00e4ndigung mit seinem Tier zu verbessern. Hunde kommunizieren sehr viel mit Energie, Ausstrahlung und klarer K\u00f6rpersprache. Alles Eigenschaften die ich bei meinen Coachings vermittle und die der Hund sofort versteht, ohne langwieriges Training, und sein Verhalten dementsprechend schnell ver\u00e4ndert.<\/p>\n<p>Nach\u00a0den Rudelf\u00fchrercoachings wird es Ihnen m\u00f6glich sein, das Zusammenleben und die Kommunikation mit Ihrem Hund auf eine ganz neue, nat\u00fcrlichere und\u00a0wundervolle\u00a0Weise zu erweitern.<\/p>\n<p><strong>Meine pers\u00f6nlichen Ausbildungen:<\/strong><\/p>\n<p>2005 Ausbildung\u00a0an der Akademie f\u00fcr Tiernaturheilkunde (ATN) zum <strong>Tierpsychologen f\u00fcr Hund und Katze<\/strong><\/p>\n<p>2007-2008 Ausbildungen zum <strong>Reiki Meister (3.Grad)<\/strong> bei Margit Selina Engel<\/p>\n<p>2008-2009 Einj\u00e4hrige Ausbildung zum <strong>Systemischen Tierkommunikator und Ontologischen Kinesiologen<\/strong> am WIFI Wien<\/p>\n<p>2009 <strong>Basiskurs Telepathische Tierkommunikation<\/strong> bei Christine Kainz<\/p>\n<h3>Von mir durchgef\u00fchrte Ausbildungen:<\/h3>\n<p>2012-2016: Am bfi Wien habe ich die von mir geschaffene Ausbildung zum <strong>&#8222;K\u00f6rpersprachlich orientierten, ganzheitlichen Tiercoach f\u00fcr Hund und Katze&#8220;<\/strong> geleitet und \u00fcber 70 Absolventen ausgebildet.<\/p>\n<p>M\u00e4rz 2017: Start der Ausbildung zum <strong>&#8222;Zertifizierten Katzencoach&#8220;<\/strong> im Wiener Tierschutzhaus in\u00a0V\u00f6sendorf,\u00a0gemeinsam mit der bekannten Katzenpsychologin <strong>Petra Ott,<\/strong> die auch 2018 und dar\u00fcber hinaus weiter laufen wird (mit ver\u00e4nderter \u00d6rtlichkeit) und die \u00e4u\u00dferst gro\u00dfen Anklang gefunden hat.<\/p>\n<p>M\u00e4rz 2018: Start der Ausbildung zum<strong> &#8222;K\u00f6rpersprachlich orientierten, ganzheitlichen Hundecoach&#8220;.<\/strong> Praxisorientiert und eine der wenigen Ausbildungen die sich mit nat\u00fcrliche Hundeerziehung-u. Kommunikation besch\u00e4ftigt.<\/p>\n<p>&nbsp;<\/p>\n<\/div>\n<div id=\"cc-m-6722720254\" class=\"j-module n j-spacing \"><\/div>\n<div id=\"cc-m-6722720354\" class=\"j-module n j-imageSubtitle \">\n<figure class=\"cc-imagewrapper cc-m-image-align-3\"><img id=\"cc-m-imagesubtitle-image-6722720354\" src=\"https:\/\/image.jimcdn.com\/app\/cms\/image\/transf\/dimension=10000x206:format=jpg:rotate=90\/path\/se374cc832a75812e\/image\/i9b5129171dbbd839\/version\/1458848821\/image.jpg\" sizes=\"(min-width: 206px) 206px, 100vw\" srcset=\"https:\/\/image.jimcdn.com\/app\/cms\/image\/transf\/dimension=10000x206:format=jpg:rotate=90\/path\/se374cc832a75812e\/image\/i9b5129171dbbd839\/version\/1458848821\/image.jpg 206w, https:\/\/image.jimcdn.com\/app\/cms\/image\/transf\/dimension=10000x320:format=jpg:rotate=90\/path\/se374cc832a75812e\/image\/i9b5129171dbbd839\/version\/1458848821\/image.jpg 320w, https:\/\/image.jimcdn.com\/app\/cms\/image\/transf\/dimension=10000x412:format=jpg:rotate=90\/path\/se374cc832a75812e\/image\/i9b5129171dbbd839\/version\/1458848821\/image.jpg 412w\" alt=\"\" data-src=\"https:\/\/image.jimcdn.com\/app\/cms\/image\/transf\/dimension=10000x206:format=jpg:rotate=90\/path\/se374cc832a75812e\/image\/i9b5129171dbbd839\/version\/1458848821\/image.jpg\" data-image-id=\"4645055854\" data-pfsrc=\"https:\/\/image.jimcdn.com\/app\/cms\/image\/transf\/dimension=10000x206:format=jpg:rotate=90\/path\/se374cc832a75812e\/image\/i9b5129171dbbd839\/version\/1458848821\/image.jpg\" data-src-width=\"1023\" data-src-height=\"1820\" \/><\/figure>\n<\/div>\n","protected":false},"excerpt":{"rendered":"<p>Herzlich willkommen auf meiner Webseite: Mein Name ist Dieter Pouzar und ich bin seit 2006 hauptberuflich als k\u00f6rpersprachlich orientierter, ganzheitlicher Tiercoach f\u00fcr Hund und Katze t\u00e4tig. Au\u00dferdem\u00a0war ich Lehrgangsleiter und Trainer\u00a0in der, von mir geschaffenen, Ausbildung zum &#8222;K\u00f6rpersprachlich orientierten, ganzheitlichen Tiercoach f\u00fcr Hund und Katze&#8220; am bfi Wien von 2012 &#8211; 2015. Im Hundebereich arbeite &hellip; <a href=\"http:\/\/www.haustierverhaltensberatung.at\/haustierverhaltensberatung\/?page_id=8\" class=\"more-link\"><span class=\"screen-reader-text\">\u00dcber mich<\/span> weiterlesen<\/a><\/p>\n","protected":false},"author":1,"featured_media":0,"parent":0,"menu_order":0,"comment_status":"closed","ping_status":"closed","template":"","meta":[],"_links":{"self":[{"href":"http:\/\/www.haustierverhaltensberatung.at\/haustierverhaltensberatung\/index.php?rest_route=\/wp\/v2\/pages\/8"}],"collection":[{"href":"http:\/\/www.haustierverhaltensberatung.at\/haustierverhaltensberatung\/index.php?rest_route=\/wp\/v2\/pages"}],"about":[{"href":"http:\/\/www.haustierverhaltensberatung.at\/haustierverhaltensberatung\/index.php?rest_route=\/wp\/v2\/types\/page"}],"author":[{"embeddable":true,"href":"http:\/\/www.haustierverhaltensberatung.at\/haustierverhaltensberatung\/index.php?rest_route=\/wp\/v2\/users\/1"}],"replies":[{"embeddable":true,"href":"http:\/\/www.haustierverhaltensberatung.at\/haustierverhaltensberatung\/index.php?rest_route=%2Fwp%2Fv2%2Fcomments&post=8"}],"version-history":[{"count":7,"href":"http:\/\/www.haustierverhaltensberatung.at\/haustierverhaltensberatung\/index.php?rest_route=\/wp\/v2\/pages\/8\/revisions"}],"predecessor-version":[{"id":163,"href":"http:\/\/www.haustierverhaltensberatung.at\/haustierverhaltensberatung\/index.php?rest_route=\/wp\/v2\/pages\/8\/revisions\/163"}],"wp:attachment":[{"href":"http:\/\/www.haustierverhaltensberatung.at\/haustierverhaltensberatung\/index.php?rest_route=%2Fwp%2Fv2%2Fmedia&parent=8"}],"curies":[{"name":"wp","href":"https:\/\/api.w.org\/{rel}","templated":true}]}}